{"id":41737,"date":"2025-10-22T11:29:40","date_gmt":"2025-10-22T04:29:40","guid":{"rendered":"https:\/\/catlong.vn\/?page_id=41737"},"modified":"2025-10-28T16:15:08","modified_gmt":"2025-10-28T09:15:08","slug":"phan-bon","status":"publish","type":"page","link":"https:\/\/catlong.vn\/?page_id=41737","title":{"rendered":"Ph\u00e2n B\u00f3n"},"content":{"rendered":"\t\t<div data-elementor-type=\"wp-page\" data-elementor-id=\"41737\" class=\"elementor elementor-41737\" data-elementor-settings=\"[]\">\n\t\t\t\t\t\t\t<div class=\"elementor-section-wrap\">\n\t\t\t\t\t\t\t<section class=\"elementor-section elementor-top-section elementor-element elementor-element-38265da9 elementor-section-boxed elementor-section-height-default elementor-section-height-default\" data-id=\"38265da9\" data-element_type=\"section\">\n\t\t\t\t\t\t<div class=\"elementor-container elementor-column-gap-default\">\n\t\t\t\t\t<div class=\"elementor-column elementor-col-100 elementor-top-column elementor-element elementor-element-560376f8\" data-id=\"560376f8\" data-element_type=\"column\">\n\t\t\t<div class=\"elementor-widget-wrap elementor-element-populated\">\n\t\t\t\t\t\t\t\t<div class=\"elementor-element elementor-element-64e502ae elementor-widget elementor-widget-text-editor\" data-id=\"64e502ae\" data-element_type=\"widget\" data-widget_type=\"text-editor.default\">\n\t\t\t\t<div class=\"elementor-widget-container\">\n\t\t\t\t\t\t\t<!-- wp:paragraph -->\n<p data-start=\"165\" data-end=\"226\"><strong data-start=\"165\" data-end=\"224\">Gi\u1edbi thi\u1ec7u chung v\u1ec1 C\u00f4ng ty CP XNK C\u00e1t Long v\u00e0 s\u1ea3n ph\u1ea9m ph\u00e2n b\u00f3n.<\/strong><\/p>\n<p data-start=\"228\" data-end=\"759\">Ph\u00e2n b\u00f3n \u0111\u00f3ng vai tr\u00f2 v\u00f4 c\u00f9ng quan tr\u1ecdng trong s\u1ea3n xu\u1ea5t n\u00f4ng nghi\u1ec7p, l\u00e0 y\u1ebfu t\u1ed1 kh\u00f4ng th\u1ec3 thi\u1ebfu gi\u00fap c\u00e2y tr\u1ed3ng sinh tr\u01b0\u1edfng, ph\u00e1t tri\u1ec3n t\u1ed1t v\u00e0 n\u00e2ng cao n\u0103ng su\u1ea5t. Vi\u1ec7c s\u1eed d\u1ee5ng ph\u00e2n b\u00f3n h\u1ee3p l\u00fd, \u0111\u00fang lo\u1ea1i v\u00e0 \u0111\u00fang li\u1ec1u l\u01b0\u1ee3ng kh\u00f4ng ch\u1ec9 gi\u00fap c\u1ea3i thi\u1ec7n ch\u1ea5t l\u01b0\u1ee3ng n\u00f4ng s\u1ea3n m\u00e0 c\u00f2n g\u00f3p ph\u1ea7n b\u1ea3o v\u1ec7 m\u00f4i tr\u01b0\u1eddng, duy tr\u00ec \u0111\u1ed9 ph\u00ec nhi\u00eau c\u1ee7a \u0111\u1ea5t. Trong b\u1ed1i c\u1ea3nh n\u1ec1n n\u00f4ng nghi\u1ec7p Vi\u1ec7t Nam \u0111ang h\u01b0\u1edbng \u0111\u1ebfn ph\u00e1t tri\u1ec3n b\u1ec1n v\u1eefng v\u00e0 hi\u1ec7n \u0111\u1ea1i h\u00f3a, nhu c\u1ea7u v\u1ec1 c\u00e1c lo\u1ea1i ph\u00e2n b\u00f3n ch\u1ea5t l\u01b0\u1ee3ng cao, \u1ed5n \u0111\u1ecbnh v\u00e0 ph\u00f9 h\u1ee3p v\u1edbi \u0111i\u1ec1u ki\u1ec7n canh t\u00e1c ng\u00e0y c\u00e0ng t\u0103ng m\u1ea1nh.<\/p>\n<p data-start=\"761\" data-end=\"1261\"><strong data-start=\"761\" data-end=\"804\">C\u00f4ng ty C\u1ed5 ph\u1ea7n Xu\u1ea5t nh\u1eadp kh\u1ea9u C\u00e1t Long<\/strong> l\u00e0 m\u1ed9t trong nh\u1eefng \u0111\u01a1n v\u1ecb uy t\u00edn h\u00e0ng \u0111\u1ea7u trong l\u0129nh v\u1ef1c cung \u1ee9ng v\u00e0 ph\u00e2n ph\u1ed1i c\u00e1c lo\u1ea1i ph\u00e2n b\u00f3n t\u1ea1i Vi\u1ec7t Nam. V\u1edbi nhi\u1ec1u n\u0103m kinh nghi\u1ec7m, C\u00e1t Long lu\u00f4n \u0111\u1eb7t ch\u1ea5t l\u01b0\u1ee3ng s\u1ea3n ph\u1ea9m v\u00e0 l\u1ee3i \u00edch c\u1ee7a ng\u01b0\u1eddi n\u00f4ng d\u00e2n l\u00ean h\u00e0ng \u0111\u1ea7u. C\u00f4ng ty chuy\u00ean cung c\u1ea5p \u0111a d\u1ea1ng c\u00e1c d\u00f2ng s\u1ea3n ph\u1ea9m ph\u00e2n b\u00f3n nh\u01b0 <strong data-start=\"1088\" data-end=\"1104\">ph\u00e2n b\u00f3n NPK<\/strong>, <strong data-start=\"1106\" data-end=\"1130\">ph\u00e2n b\u00f3n DAP \u0110\u00ecnh V\u0169<\/strong>, <strong data-start=\"1132\" data-end=\"1144\">ph\u00e2n Ure<\/strong> v\u00e0 <strong data-start=\"1148\" data-end=\"1161\">ph\u00e2n Kali<\/strong> \u2013 nh\u1eefng lo\u1ea1i ph\u00e2n b\u00f3n thi\u1ebft y\u1ebfu, ph\u00f9 h\u1ee3p v\u1edbi h\u1ea7u h\u1ebft c\u00e1c lo\u1ea1i c\u00e2y tr\u1ed3ng v\u00e0 v\u00f9ng \u0111\u1ea5t tr\u00ean c\u1ea3 n\u01b0\u1edbc.<\/p>\n<p data-start=\"1263\" data-end=\"1712\">\u0110\u1eb7c bi\u1ec7t, <strong data-start=\"1273\" data-end=\"1289\">ph\u00e2n b\u00f3n NPK<\/strong> do C\u00e1t Long ph\u00e2n ph\u1ed1i \u0111\u01b0\u1ee3c s\u1ea3n xu\u1ea5t theo c\u00f4ng ngh\u1ec7 ti\u00ean ti\u1ebfn, cung c\u1ea5p \u0111\u1ea7y \u0111\u1ee7 c\u00e1c nguy\u00ean t\u1ed1 dinh d\u01b0\u1ee1ng \u0111a l\u01b0\u1ee3ng gi\u00fap c\u00e2y tr\u1ed3ng ph\u00e1t tri\u1ec3n to\u00e0n di\u1ec7n. <strong data-start=\"1439\" data-end=\"1459\">Ph\u00e2n DAP \u0110\u00ecnh V\u0169<\/strong> l\u00e0 s\u1ea3n ph\u1ea9m n\u1ed5i b\u1eadt v\u1edbi h\u00e0m l\u01b0\u1ee3ng dinh d\u01b0\u1ee1ng cao, d\u1ec5 tan v\u00e0 d\u1ec5 h\u1ea5p thu, gi\u00fap c\u00e2y nhanh ra r\u1ec5, xanh l\u00e1 v\u00e0 cho n\u0103ng su\u1ea5t v\u01b0\u1ee3t tr\u1ed9i. B\u00ean c\u1ea1nh \u0111\u00f3, <strong data-start=\"1603\" data-end=\"1623\">ph\u00e2n Ure v\u00e0 Kali<\/strong> do c\u00f4ng ty cung \u1ee9ng lu\u00f4n \u0111\u1ea3m b\u1ea3o ngu\u1ed3n g\u1ed1c r\u00f5 r\u00e0ng, \u0111\u00e1p \u1ee9ng ti\u00eau chu\u1ea9n ch\u1ea5t l\u01b0\u1ee3ng cao.<\/p>\n<p data-start=\"1714\" data-end=\"1952\">V\u1edbi ph\u01b0\u01a1ng ch\u00e2m <strong data-start=\"1730\" data-end=\"1785\">\u201cCh\u1ea5t l\u01b0\u1ee3ng t\u1ea1o ni\u1ec1m tin \u2013 H\u1ee3p t\u00e1c c\u00f9ng ph\u00e1t tri\u1ec3n\u201d<\/strong>, C\u00f4ng ty CP XNK C\u00e1t Long kh\u00f4ng ng\u1eebng n\u1ed7 l\u1ef1c mang \u0111\u1ebfn cho b\u00e0 con n\u00f4ng d\u00e2n nh\u1eefng s\u1ea3n ph\u1ea9m t\u1ed1t nh\u1ea5t, g\u00f3p ph\u1ea7n x\u00e2y d\u1ef1ng n\u1ec1n n\u00f4ng nghi\u1ec7p Vi\u1ec7t Nam xanh \u2013 s\u1ea1ch \u2013 b\u1ec1n v\u1eefng.<\/p>\n<!-- \/wp:paragraph --><!-- wp:paragraph -->\n<p>\u00a0<\/p>\n<!-- \/wp:paragraph -->\t\t\t\t\t\t<\/div>\n\t\t\t\t<\/div>\n\t\t\t\t\t<\/div>\n\t\t<\/div>\n\t\t\t\t\t\t\t<\/div>\n\t\t<\/section>\n\t\t\t\t<section class=\"elementor-section elementor-top-section elementor-element elementor-element-c52c6f7 elementor-section-boxed elementor-section-height-default elementor-section-height-default\" data-id=\"c52c6f7\" data-element_type=\"section\">\n\t\t\t\t\t\t<div class=\"elementor-container elementor-column-gap-default\">\n\t\t\t\t\t<div class=\"elementor-column elementor-col-100 elementor-top-column elementor-element elementor-element-653742d\" data-id=\"653742d\" data-element_type=\"column\">\n\t\t\t<div class=\"elementor-widget-wrap elementor-element-populated\">\n\t\t\t\t\t\t\t\t<div class=\"elementor-element elementor-element-cee3d8d elementor-icon-list--layout-traditional elementor-list-item-link-full_width elementor-widget elementor-widget-icon-list\" data-id=\"cee3d8d\" data-element_type=\"widget\" data-widget_type=\"icon-list.default\">\n\t\t\t\t<div class=\"elementor-widget-container\">\n\t\t\t\t\t<ul class=\"elementor-icon-list-items\">\n\t\t\t\t\t\t\t<li class=\"elementor-icon-list-item\">\n\t\t\t\t\t\t\t\t\t\t\t<a href=\"https:\/\/catlong.vn\/?cat=166\">\n\n\t\t\t\t\t\t\t\t\t\t\t\t<span class=\"elementor-icon-list-icon\">\n\t\t\t\t\t\t\t<i aria-hidden=\"true\" class=\"fas fa-feather-alt\"><\/i>\t\t\t\t\t\t<\/span>\n\t\t\t\t\t\t\t\t\t\t<span class=\"elementor-icon-list-text\">Ph\u00e2n B\u00f3n NPK<\/span>\n\t\t\t\t\t\t\t\t\t\t\t<\/a>\n\t\t\t\t\t\t\t\t\t<\/li>\n\t\t\t\t\t\t\t\t<li class=\"elementor-icon-list-item\">\n\t\t\t\t\t\t\t\t\t\t\t<a href=\"https:\/\/catlong.vn\/?cat=168\">\n\n\t\t\t\t\t\t\t\t\t\t\t\t<span class=\"elementor-icon-list-icon\">\n\t\t\t\t\t\t\t<i aria-hidden=\"true\" class=\"fas fa-feather-alt\"><\/i>\t\t\t\t\t\t<\/span>\n\t\t\t\t\t\t\t\t\t\t<span class=\"elementor-icon-list-text\">Ph\u00e2n b\u00f3n DAP<\/span>\n\t\t\t\t\t\t\t\t\t\t\t<\/a>\n\t\t\t\t\t\t\t\t\t<\/li>\n\t\t\t\t\t\t\t\t<li class=\"elementor-icon-list-item\">\n\t\t\t\t\t\t\t\t\t\t\t<a href=\"https:\/\/catlong.vn\/?cat=170\">\n\n\t\t\t\t\t\t\t\t\t\t\t\t<span class=\"elementor-icon-list-icon\">\n\t\t\t\t\t\t\t<i aria-hidden=\"true\" class=\"fas fa-feather-alt\"><\/i>\t\t\t\t\t\t<\/span>\n\t\t\t\t\t\t\t\t\t\t<span class=\"elementor-icon-list-text\">Ph\u00e2n b\u00f3n URE<\/span>\n\t\t\t\t\t\t\t\t\t\t\t<\/a>\n\t\t\t\t\t\t\t\t\t<\/li>\n\t\t\t\t\t\t\t\t<li class=\"elementor-icon-list-item\">\n\t\t\t\t\t\t\t\t\t\t\t<a href=\"https:\/\/catlong.vn\/?cat=176\">\n\n\t\t\t\t\t\t\t\t\t\t\t\t<span class=\"elementor-icon-list-icon\">\n\t\t\t\t\t\t\t<i aria-hidden=\"true\" class=\"fas fa-feather-alt\"><\/i>\t\t\t\t\t\t<\/span>\n\t\t\t\t\t\t\t\t\t\t<span class=\"elementor-icon-list-text\">Ph\u00e2n B\u00f3n KALI<\/span>\n\t\t\t\t\t\t\t\t\t\t\t<\/a>\n\t\t\t\t\t\t\t\t\t<\/li>\n\t\t\t\t\t\t<\/ul>\n\t\t\t\t<\/div>\n\t\t\t\t<\/div>\n\t\t\t\t\t<\/div>\n\t\t<\/div>\n\t\t\t\t\t\t\t<\/div>\n\t\t<\/section>\n\t\t\t\t\t\t<\/div>\n\t\t\t\t\t<\/div>\n\t\t","protected":false},"excerpt":{"rendered":"<p>Gi\u1edbi thi\u1ec7u chung v\u1ec1 C\u00f4ng ty CP XNK C\u00e1t Long v\u00e0 s\u1ea3n ph\u1ea9m ph\u00e2n b\u00f3n. Ph\u00e2n b\u00f3n \u0111\u00f3ng vai tr\u00f2 v\u00f4 c\u00f9ng quan tr\u1ecdng trong s\u1ea3n xu\u1ea5t n\u00f4ng nghi\u1ec7p, l\u00e0 y\u1ebfu t\u1ed1 kh\u00f4ng th\u1ec3 thi\u1ebfu gi\u00fap c\u00e2y tr\u1ed3ng sinh tr\u01b0\u1edfng, ph\u00e1t tri\u1ec3n t\u1ed1t v\u00e0 n\u00e2ng cao n\u0103ng su\u1ea5t. Vi\u1ec7c s\u1eed d\u1ee5ng ph\u00e2n b\u00f3n h\u1ee3p l\u00fd, &hellip;<\/p>\n<p class=\"read-more\"> <a class=\"\" href=\"https:\/\/catlong.vn\/?page_id=41737\"> <span class=\"screen-reader-text\">Ph\u00e2n B\u00f3n<\/span> Read More &raquo;<\/a><\/p>\n","protected":false},"author":1,"featured_media":0,"parent":0,"menu_order":0,"comment_status":"closed","ping_status":"closed","template":"","meta":{"site-sidebar-layout":"default","site-content-layout":"default","ast-global-header-display":"","ast-main-header-display":"","ast-hfb-above-header-display":"","ast-hfb-below-header-display":"","ast-hfb-mobile-header-display":"","site-post-title":"","ast-breadcrumbs-content":"","ast-featured-img":"","footer-sml-layout":"","theme-transparent-header-meta":"","adv-header-id-meta":"","stick-header-meta":"","header-above-stick-meta":"","header-main-stick-meta":"","header-below-stick-meta":"","footnotes":""},"class_list":["post-41737","page","type-page","status-publish","hentry"],"_links":{"self":[{"href":"https:\/\/catlong.vn\/index.php?rest_route=\/wp\/v2\/pages\/41737","targetHints":{"allow":["GET"]}}],"collection":[{"href":"https:\/\/catlong.vn\/index.php?rest_route=\/wp\/v2\/pages"}],"about":[{"href":"https:\/\/catlong.vn\/index.php?rest_route=\/wp\/v2\/types\/page"}],"author":[{"embeddable":true,"href":"https:\/\/catlong.vn\/index.php?rest_route=\/wp\/v2\/users\/1"}],"replies":[{"embeddable":true,"href":"https:\/\/catlong.vn\/index.php?rest_route=%2Fwp%2Fv2%2Fcomments&post=41737"}],"version-history":[{"count":16,"href":"https:\/\/catlong.vn\/index.php?rest_route=\/wp\/v2\/pages\/41737\/revisions"}],"predecessor-version":[{"id":41832,"href":"https:\/\/catlong.vn\/index.php?rest_route=\/wp\/v2\/pages\/41737\/revisions\/41832"}],"wp:attachment":[{"href":"https:\/\/catlong.vn\/index.php?rest_route=%2Fwp%2Fv2%2Fmedia&parent=41737"}],"curies":[{"name":"wp","href":"https:\/\/api.w.org\/{rel}","templated":true}]}}