{"id":21,"date":"2022-08-06T07:21:08","date_gmt":"2022-08-06T07:21:08","guid":{"rendered":"http:\/\/catlong.vn\/?page_id=21"},"modified":"2022-09-21T07:13:20","modified_gmt":"2022-09-21T07:13:20","slug":"lien-he","status":"publish","type":"page","link":"https:\/\/catlong.vn\/?page_id=21","title":{"rendered":"Li\u00ean h\u1ec7"},"content":{"rendered":"\t\t<div data-elementor-type=\"wp-page\" data-elementor-id=\"21\" class=\"elementor elementor-21\" data-elementor-settings=\"[]\">\n\t\t\t\t\t\t\t<div class=\"elementor-section-wrap\">\n\t\t\t\t\t\t\t<section class=\"elementor-section elementor-top-section elementor-element elementor-element-fead3b4 elementor-section-boxed elementor-section-height-default elementor-section-height-default\" data-id=\"fead3b4\" data-element_type=\"section\">\n\t\t\t\t\t\t<div class=\"elementor-container elementor-column-gap-default\">\n\t\t\t\t\t<div class=\"elementor-column elementor-col-50 elementor-top-column elementor-element elementor-element-05d9f6c\" data-id=\"05d9f6c\" data-element_type=\"column\">\n\t\t\t<div class=\"elementor-widget-wrap elementor-element-populated\">\n\t\t\t\t\t\t\t\t<div class=\"elementor-element elementor-element-a732a4e elementor-widget elementor-widget-heading\" data-id=\"a732a4e\" data-element_type=\"widget\" data-widget_type=\"heading.default\">\n\t\t\t\t<div class=\"elementor-widget-container\">\n\t\t\t<h2 class=\"elementor-heading-title elementor-size-default\">H\u00e3y li\u00ean l\u1ea1c v\u1edbi C\u00e1t Long \u0111\u1ec3 \u0111\u01b0\u1ee3c t\u01b0 v\u1ea5n d\u1ecbch v\u1ee5 v\u00e0 s\u1ea3n ph\u1ea9m nhanh nh\u1ea5t<\/h2>\t\t<\/div>\n\t\t\t\t<\/div>\n\t\t\t\t<div class=\"elementor-element elementor-element-2ef5b6f elementor-widget elementor-widget-text-editor\" data-id=\"2ef5b6f\" data-element_type=\"widget\" data-widget_type=\"text-editor.default\">\n\t\t\t\t<div class=\"elementor-widget-container\">\n\t\t\t\t\t\t\t<div class=\"elementor-element elementor-element-df041af elementor-icon-list--layout-traditional elementor-widget elementor-widget-icon-list\" data-id=\"df041af\" data-element_type=\"widget\" data-widget_type=\"icon-list.default\">\n<div class=\"elementor-widget-container\">\n<ul>\n<li><span class=\"elementor-icon-list-text\">Office: X\u00f3m 6 C\u1ed1ng Chanh, X\u00e3 \u0110\u00f4ng S\u01a1n, Thu\u1ef7 Nguy\u00ean, tp H\u1ea3i Ph\u00f2ng<\/span><\/li>\n<li><span class=\"elementor-icon-list-text\">Hotline: 0225.626.5678<\/span><\/li>\n<li><span class=\"elementor-icon-list-text\">Email: info@catlong.vn<\/span><\/li>\n<li><span class=\"elementor-icon-list-text\">Website: www.<span style=\"font-size: inherit; font-style: inherit; font-weight: inherit; font-family: var( --e-global-typography-text-font-family ), Sans-serif; background-color: var(--ast-global-color-5);\">catlong.vn<\/span><\/span><\/li>\n<\/ul>\n<\/div>\n<\/div>\t\t\t\t\t\t<\/div>\n\t\t\t\t<\/div>\n\t\t\t\t<div class=\"elementor-element elementor-element-2f54c86 elementor-widget elementor-widget-html\" data-id=\"2f54c86\" data-element_type=\"widget\" data-widget_type=\"html.default\">\n\t\t\t\t<div class=\"elementor-widget-container\">\n\t\t\t<iframe src=\"https:\/\/www.google.com\/maps\/embed?pb=!1m23!1m12!1m3!1d1863.1922853960368!2d106.65713423232668!3d20.937065860724843!2m3!1f0!2f0!3f0!3m2!1i1024!2i768!4f13.1!4m8!3e6!4m0!4m5!1s0x314a7c73cfde764f%3A0x6cf98fcfb4c4e39!2zxJDDtG5nIFPGoW4sIFRo4buneSBOZ3V5w6puLCBI4bqjaSBQaMOybmcsIFZp4buHdCBOYW0!3m2!1d20.9368342!2d106.65786899999999!5e0!3m2!1svi!2s!4v1660122128975!5m2!1svi!2s\" width=\"600\" height=\"450\" style=\"border:0;\" allowfullscreen=\"\" loading=\"lazy\" referrerpolicy=\"no-referrer-when-downgrade\"><\/iframe>\t\t<\/div>\n\t\t\t\t<\/div>\n\t\t\t\t\t<\/div>\n\t\t<\/div>\n\t\t\t\t<div class=\"elementor-column elementor-col-50 elementor-top-column elementor-element elementor-element-68004b2\" data-id=\"68004b2\" data-element_type=\"column\">\n\t\t\t<div class=\"elementor-widget-wrap elementor-element-populated\">\n\t\t\t\t\t\t\t\t<div class=\"elementor-element elementor-element-c7489b5 elementor-widget elementor-widget-content_form_contact\" data-id=\"c7489b5\" data-element_type=\"widget\" data-widget_type=\"content_form_contact.default\">\n\t\t\t\t<div class=\"elementor-widget-container\">\n\t\t\t<form action=\"https:\/\/catlong.vn\/wp-admin\/admin-post.php\" method=\"post\" name=\"content-form-c7489b5\" id=\"content-form-c7489b5\" class=\"ti-cf-module content-form content-form-contact content_form_contact\"><input type=\"hidden\" id=\"_wpnonce_contact\" name=\"_wpnonce_contact\" value=\"536e194b40\" \/><input type=\"hidden\" name=\"_wp_http_referer\" value=\"\/index.php?rest_route=%2Fwp%2Fv2%2Fpages%2F21\" \/><input type=\"hidden\" name=\"action\" value=\"content_form_submit\" \/><input type=\"hidden\" name=\"form-type\" value=\"contact\" \/><input type=\"hidden\" name=\"form-builder\" value=\"elementor\" \/><input type=\"hidden\" name=\"post-id\" value=\"21\" \/><input type=\"hidden\" name=\"form-id\" value=\"c7489b5\" \/><fieldset class=\"content-form-field-text elementor-column elementor-col-100\"><label for=\"data[c7489b5][name]\" >Name<span class=\"required-mark\"> *<\/span><\/label><input type=\"text\" name=\"data[c7489b5][name]\" id=\"data[c7489b5][name]\" required=\"required\"  placeholder=\"Name\"><\/fieldset><fieldset class=\"content-form-field-email elementor-column elementor-col-100\"><label for=\"data[c7489b5][email]\" >Email<span class=\"required-mark\"> *<\/span><\/label><input type=\"text\" name=\"data[c7489b5][email]\" id=\"data[c7489b5][email]\" required=\"required\"  placeholder=\"Email\"><\/fieldset><fieldset class=\"content-form-field-number elementor-column elementor-col-100\"><label for=\"data[c7489b5][phone]\" >Phone<\/label><input type=\"text\" name=\"data[c7489b5][phone]\" id=\"data[c7489b5][phone]\"   placeholder=\"Phone\"><\/fieldset><fieldset class=\"content-form-field-textarea elementor-column elementor-col-100\"><label for=\"data[c7489b5][message]\" >Message<span class=\"required-mark\"> *<\/span><\/label><textarea name=\"data[c7489b5][message]\" id=\"data[c7489b5][message]\"  required=\"required\" placeholder=\"Message\" cols=\"30\" rows=\"5\"><\/textarea><\/fieldset><fieldset class=\"submit-form contact\"><button type=\"submit\" name=\"submit\"  value=\"submit-contact-c7489b5\" class=\"\">Submit<\/button><\/fieldset><\/form>\t\t<\/div>\n\t\t\t\t<\/div>\n\t\t\t\t\t<\/div>\n\t\t<\/div>\n\t\t\t\t\t\t\t<\/div>\n\t\t<\/section>\n\t\t\t\t\t\t<\/div>\n\t\t\t\t\t<\/div>\n\t\t","protected":false},"excerpt":{"rendered":"<p>H\u00e3y li\u00ean l\u1ea1c v\u1edbi C\u00e1t Long \u0111\u1ec3 \u0111\u01b0\u1ee3c t\u01b0 v\u1ea5n d\u1ecbch v\u1ee5 v\u00e0 s\u1ea3n ph\u1ea9m nhanh nh\u1ea5t Office: X\u00f3m 6 C\u1ed1ng Chanh, X\u00e3 \u0110\u00f4ng S\u01a1n, Thu\u1ef7 Nguy\u00ean, tp H\u1ea3i Ph\u00f2ng Hotline: 0225.626.5678 Email: info@catlong.vn Website: www.catlong.vn Name * Email * Phone Message * Submit<\/p>\n","protected":false},"author":1,"featured_media":0,"parent":0,"menu_order":0,"comment_status":"closed","ping_status":"open","template":"","meta":{"site-sidebar-layout":"no-sidebar","site-content-layout":"page-builder","ast-global-header-display":"","ast-main-header-display":"","ast-hfb-above-header-display":"","ast-hfb-below-header-display":"","ast-hfb-mobile-header-display":"","site-post-title":"disabled","ast-breadcrumbs-content":"","ast-featured-img":"disabled","footer-sml-layout":"","theme-transparent-header-meta":"","adv-header-id-meta":"","stick-header-meta":"","header-above-stick-meta":"","header-main-stick-meta":"","header-below-stick-meta":"","footnotes":""},"class_list":["post-21","page","type-page","status-publish","hentry"],"_links":{"self":[{"href":"https:\/\/catlong.vn\/index.php?rest_route=\/wp\/v2\/pages\/21","targetHints":{"allow":["GET"]}}],"collection":[{"href":"https:\/\/catlong.vn\/index.php?rest_route=\/wp\/v2\/pages"}],"about":[{"href":"https:\/\/catlong.vn\/index.php?rest_route=\/wp\/v2\/types\/page"}],"author":[{"embeddable":true,"href":"https:\/\/catlong.vn\/index.php?rest_route=\/wp\/v2\/users\/1"}],"replies":[{"embeddable":true,"href":"https:\/\/catlong.vn\/index.php?rest_route=%2Fwp%2Fv2%2Fcomments&post=21"}],"version-history":[{"count":31,"href":"https:\/\/catlong.vn\/index.php?rest_route=\/wp\/v2\/pages\/21\/revisions"}],"predecessor-version":[{"id":15675,"href":"https:\/\/catlong.vn\/index.php?rest_route=\/wp\/v2\/pages\/21\/revisions\/15675"}],"wp:attachment":[{"href":"https:\/\/catlong.vn\/index.php?rest_route=%2Fwp%2Fv2%2Fmedia&parent=21"}],"curies":[{"name":"wp","href":"https:\/\/api.w.org\/{rel}","templated":true}]}}