{"id":15091,"date":"2022-08-08T03:02:30","date_gmt":"2022-08-08T03:02:30","guid":{"rendered":"http:\/\/catlong.vn\/?page_id=15091"},"modified":"2022-09-08T06:21:54","modified_gmt":"2022-09-08T06:21:54","slug":"gioi-thieu","status":"publish","type":"page","link":"https:\/\/catlong.vn\/?page_id=15091","title":{"rendered":"Gi\u1edbi thi\u1ec7u"},"content":{"rendered":"\t\t<div data-elementor-type=\"wp-page\" data-elementor-id=\"15091\" class=\"elementor elementor-15091\" data-elementor-settings=\"[]\">\n\t\t\t\t\t\t\t<div class=\"elementor-section-wrap\">\n\t\t\t\t\t\t\t<section class=\"elementor-section elementor-top-section elementor-element elementor-element-cc447e8 elementor-section-boxed elementor-section-height-default elementor-section-height-default\" data-id=\"cc447e8\" data-element_type=\"section\">\n\t\t\t\t\t\t<div class=\"elementor-container elementor-column-gap-default\">\n\t\t\t\t\t<div class=\"elementor-column elementor-col-100 elementor-top-column elementor-element elementor-element-00184ea\" data-id=\"00184ea\" data-element_type=\"column\">\n\t\t\t<div class=\"elementor-widget-wrap elementor-element-populated\">\n\t\t\t\t\t\t\t\t<div class=\"elementor-element elementor-element-af5eccc elementor-widget elementor-widget-image\" data-id=\"af5eccc\" data-element_type=\"widget\" data-widget_type=\"image.default\">\n\t\t\t\t<div class=\"elementor-widget-container\">\n\t\t\t\t\t\t\t\t\t\t\t\t\t\t\t<img loading=\"lazy\" decoding=\"async\" width=\"1024\" height=\"536\" src=\"https:\/\/catlong.vn\/wp-content\/uploads\/2022\/08\/congty-1024x536.jpg\" class=\"attachment-large size-large\" alt=\"\" srcset=\"https:\/\/catlong.vn\/wp-content\/uploads\/2022\/08\/congty-1024x536.jpg 1024w, https:\/\/catlong.vn\/wp-content\/uploads\/2022\/08\/congty-300x157.jpg 300w, https:\/\/catlong.vn\/wp-content\/uploads\/2022\/08\/congty-768x402.jpg 768w, https:\/\/catlong.vn\/wp-content\/uploads\/2022\/08\/congty.jpg 1200w\" sizes=\"auto, (max-width: 1024px) 100vw, 1024px\" \/>\t\t\t\t\t\t\t\t\t\t\t\t\t\t\t<\/div>\n\t\t\t\t<\/div>\n\t\t\t\t\t<\/div>\n\t\t<\/div>\n\t\t\t\t\t\t\t<\/div>\n\t\t<\/section>\n\t\t\t\t<section class=\"elementor-section elementor-top-section elementor-element elementor-element-4781ab0 elementor-section-boxed elementor-section-height-default elementor-section-height-default\" data-id=\"4781ab0\" data-element_type=\"section\">\n\t\t\t\t\t\t<div class=\"elementor-container elementor-column-gap-default\">\n\t\t\t\t\t<div class=\"elementor-column elementor-col-100 elementor-top-column elementor-element elementor-element-95bbcf0\" data-id=\"95bbcf0\" data-element_type=\"column\">\n\t\t\t<div class=\"elementor-widget-wrap elementor-element-populated\">\n\t\t\t\t\t\t\t\t<div class=\"elementor-element elementor-element-098bdfb elementor-invisible elementor-widget elementor-widget-text-editor\" data-id=\"098bdfb\" data-element_type=\"widget\" data-settings=\"{&quot;_animation&quot;:&quot;bounceIn&quot;}\" data-widget_type=\"text-editor.default\">\n\t\t\t\t<div class=\"elementor-widget-container\">\n\t\t\t\t\t\t\t<p>Ng\u00e0nh ngh\u1ec1 kinh doanh ch\u1ee7 y\u1ebfu c\u1ee7a doanh nghi\u1ec7p l\u00e0:<br \/>&#8211; Ph\u00e2n b\u00f3n h\u00f3a ch\u1ea5t v\u00e0 B\u1ea5t \u0111\u1ed9ng s\u1ea3n.<br \/>&#8211; Xu\u1ea5t nh\u1eadp kh\u1ea9u c\u00e1c m\u1eb7t h\u00e0ng n\u00f4ng s\u1ea3n nh\u01b0 \u0111\u1ea1m, ph\u00e2n b\u00f3n, Ng\u00f4, L\u1ea1c, \u0111\u1ed7 xanh, \u0111\u1ed7 t\u01b0\u01a1ng, \u1edbt&#8230;.<br \/>&#8211; D\u1ef1 \u00e1n b\u1ea5t \u0111\u1ed9ng s\u1ea3n t\u1ea1i H\u1ea3i Ph\u00f2ng v\u00e0 c\u00e1c t\u1ec9nh l\u00e2n c\u1eadn.<\/p><p>\u00a0<\/p>\t\t\t\t\t\t<\/div>\n\t\t\t\t<\/div>\n\t\t\t\t\t<\/div>\n\t\t<\/div>\n\t\t\t\t\t\t\t<\/div>\n\t\t<\/section>\n\t\t\t\t<section class=\"elementor-section elementor-top-section elementor-element elementor-element-08a95ec elementor-section-boxed elementor-section-height-default elementor-section-height-default elementor-invisible\" data-id=\"08a95ec\" data-element_type=\"section\" data-settings=\"{&quot;background_background&quot;:&quot;classic&quot;,&quot;animation&quot;:&quot;bounceIn&quot;}\">\n\t\t\t\t\t\t<div class=\"elementor-container elementor-column-gap-default\">\n\t\t\t\t\t<div class=\"elementor-column elementor-col-50 elementor-top-column elementor-element elementor-element-a81a37c\" data-id=\"a81a37c\" data-element_type=\"column\">\n\t\t\t<div class=\"elementor-widget-wrap elementor-element-populated\">\n\t\t\t\t\t\t\t\t<div class=\"elementor-element elementor-element-52ad15c elementor-widget elementor-widget-image\" data-id=\"52ad15c\" data-element_type=\"widget\" data-widget_type=\"image.default\">\n\t\t\t\t<div class=\"elementor-widget-container\">\n\t\t\t\t\t\t\t\t\t\t\t\t\t\t\t<img loading=\"lazy\" decoding=\"async\" width=\"800\" height=\"533\" src=\"https:\/\/catlong.vn\/wp-content\/uploads\/2022\/08\/congty-1.jpg\" class=\"attachment-large size-large\" alt=\"\" srcset=\"https:\/\/catlong.vn\/wp-content\/uploads\/2022\/08\/congty-1.jpg 800w, https:\/\/catlong.vn\/wp-content\/uploads\/2022\/08\/congty-1-300x200.jpg 300w, https:\/\/catlong.vn\/wp-content\/uploads\/2022\/08\/congty-1-768x512.jpg 768w\" sizes=\"auto, (max-width: 800px) 100vw, 800px\" \/>\t\t\t\t\t\t\t\t\t\t\t\t\t\t\t<\/div>\n\t\t\t\t<\/div>\n\t\t\t\t\t<\/div>\n\t\t<\/div>\n\t\t\t\t<div class=\"elementor-column elementor-col-50 elementor-top-column elementor-element elementor-element-fb4442b\" data-id=\"fb4442b\" data-element_type=\"column\">\n\t\t\t<div class=\"elementor-widget-wrap elementor-element-populated\">\n\t\t\t\t\t\t\t\t<div class=\"elementor-element elementor-element-541f730 elementor-widget elementor-widget-text-editor\" data-id=\"541f730\" data-element_type=\"widget\" data-widget_type=\"text-editor.default\">\n\t\t\t\t<div class=\"elementor-widget-container\">\n\t\t\t\t\t\t\t<ul><li>Nh\u1eefng th\u00e0nh t\u1ef1u ph\u00e1t tri\u1ec3n c\u1ee7a C\u00f4ng ty trong nh\u1eefng n\u0103m qua\u00a0\u0111\u00e3 cho th\u1ea5y<\/li><li style=\"font-size: 15px; font-style: normal; font-weight: 400;\">C\u00f4ng ty lu\u00f4n gi\u1eef \u0111\u01b0\u1ee3c nh\u1ecbp \u0111\u1ed9 ph\u00e1t tri\u1ec3n \u1ed5n \u0111\u1ecbnh, li\u00ean t\u1ee5c v\u00e0 r\u00f5 r\u00e0ng, c\u00f3 b\u1ea3n s\u1eafc v\u0103n h\u00f3a ri\u00eang v\u00e0 nh\u1ea5t l\u00e0 \u0111ang \u0111\u01b0\u1ee3c qu\u1ea3n l\u00fd<\/li><li style=\"font-size: 15px; font-style: normal; font-weight: 400;\">\u0110i\u1ec1u h\u00e0nh b\u1edfi m\u1ed9t \u0111\u1ed9i ng\u0169 c\u00e1n b\u1ed9 l\u00e3nh \u0111\u1ea1o, chuy\u00ean vi\u00ean tr\u1ebb n\u0103ng \u0111\u1ed9ng c\u00f3 kinh nghi\u1ec7m qu\u1ea3n l\u00fd l\u00e2u n\u0103m.<\/li><li style=\"font-size: 15px; font-style: normal; font-weight: 400;\">C\u00f3 \u0111\u1ee7 t\u00e2m v\u00e0 t\u1ea7m v\u1edbi nh\u1eefng ch\u00ednh s\u00e1ch \u0111\u1ea7u t\u01b0 ph\u00e1t tri\u1ec3n linh ho\u1ea1t v\u00e0 c\u00f3 chi\u1ec1u s\u00e2u v\u00e0 ho\u00e0n to\u00e0n l\u00e0nh m\u1ea1nh v\u1ec1 t\u00e0i ch\u00ednh<\/li><li style=\"font-size: 15px; font-style: normal; font-weight: 400;\">V\u1edbi nh\u1eefng l\u1ee3i th\u1ebf ri\u00eang c\u1ee7a C\u00f4ng ty, Ban L\u00e3nh \u0111\u1ea1o \u0111\u00e3 ch\u1ee7 \u0111\u1ed9ng ti\u1ebfn h\u00e0nh m\u1edf r\u1ed9ng th\u00eam c\u00e1c d\u1ecbch v\u1ee5 m\u1edbi t\u1ea1o s\u1ef1 \u0111a d\u1ea1ng trong ho\u1ea1t \u0111\u1ed9ng c\u1ee7a c\u00f4ng ty v\u00e0 chia s\u1ebb r\u1ee7i ro.<\/li><\/ul>\t\t\t\t\t\t<\/div>\n\t\t\t\t<\/div>\n\t\t\t\t\t<\/div>\n\t\t<\/div>\n\t\t\t\t\t\t\t<\/div>\n\t\t<\/section>\n\t\t\t\t<section class=\"elementor-section elementor-top-section elementor-element elementor-element-8c60646 elementor-section-boxed elementor-section-height-default elementor-section-height-default\" data-id=\"8c60646\" data-element_type=\"section\">\n\t\t\t\t\t\t<div class=\"elementor-container elementor-column-gap-default\">\n\t\t\t\t\t<div class=\"elementor-column elementor-col-100 elementor-top-column elementor-element elementor-element-28bc865\" data-id=\"28bc865\" data-element_type=\"column\">\n\t\t\t<div class=\"elementor-widget-wrap elementor-element-populated\">\n\t\t\t\t\t\t\t\t<div class=\"elementor-element elementor-element-426061c elementor-widget elementor-widget-text-editor\" data-id=\"426061c\" data-element_type=\"widget\" data-widget_type=\"text-editor.default\">\n\t\t\t\t<div class=\"elementor-widget-container\">\n\t\t\t\t\t\t\t<p style=\"font-size: 15px; font-style: normal; font-weight: 400;\">L\u00e0 doanh nghi\u1ec7p c\u00f3 v\u1ed1n t\u0103ng tr\u01b0\u1edfng h\u00e0ng n\u0103m cao, tuy ch\u01b0a \u0111\u1ea1t \u0111\u1ebfn m\u1ee9c doanh nghi\u1ec7p c\u00f3 v\u1ed1n l\u1edbn, nh\u01b0ng \u0111\u00e3 c\u00f3 nh\u1eefng d\u1ecbch v\u1ee5 c\u0103n c\u01a1, c\u00f3 th\u1ecb ph\u1ea7n l\u1edbn trong l\u0129nh v\u1ef1c xu\u1ea5t nh\u1eadp kh\u1ea9u n\u00f4ng s\u1ea3n. Qua th\u1eddi gian x\u00e2y d\u1ef1ng v\u00e0 ph\u00e1t tri\u1ec3n, c\u00f4ng ty \u0111\u00e3 kh\u1eb3ng \u0111\u1ecbnh v\u1ecb th\u1ebf c\u1ee7a m\u00ecnh trong m\u1ed9t m\u00f4i tr\u01b0\u1eddng c\u1ea1nh tranh nh\u1edd c\u00f3 k\u1ebf ho\u1ea1ch chi\u1ebfn l\u01b0\u1ee3c, ti\u00eau chu\u1ea9n ch\u1ea5t l\u01b0\u1ee3ng cao, ch\u00ednh s\u00e1ch kinh doanh nh\u1ea1y b\u00e9n ti\u1ebft ki\u1ec7m chi ph\u00ed v\u00e0 giao h\u00e0ng nhanh, an to\u00e0n. Ch\u00fang t\u00f4i lu\u00f4n tu\u00e2n theo c\u00e1c nguy\u00ean t\u1eafc kinh doanh l\u1ea5y ch\u1eef T\u00edn l\u00e0m h\u00e0ng \u0111\u1ea7u v\u00e0 c\u1ed1 g\u1eafng l\u00e0m h\u00e0i l\u00f2ng kh\u00e1ch h\u00e0ng.<\/p>\n<p style=\"font-size: 15px; font-style: normal; font-weight: 400;\">Nh\u1eefng th\u00e0nh t\u1ef1u ph\u00e1t tri\u1ec3n c\u1ee7a C\u00f4ng ty trong nh\u1eefng n\u0103m qua&nbsp;\u0111\u00e3 cho th\u1ea5y C\u00f4ng ty lu\u00f4n gi\u1eef \u0111\u01b0\u1ee3c nh\u1ecbp \u0111\u1ed9 ph\u00e1t tri\u1ec3n \u1ed5n \u0111\u1ecbnh, li\u00ean t\u1ee5c v\u00e0 r\u00f5 r\u00e0ng, c\u00f3 b\u1ea3n s\u1eafc v\u0103n h\u00f3a ri\u00eang v\u00e0 nh\u1ea5t l\u00e0 \u0111ang \u0111\u01b0\u1ee3c qu\u1ea3n l\u00fd &#8211; \u0111i\u1ec1u h\u00e0nh b\u1edfi m\u1ed9t \u0111\u1ed9i ng\u0169 c\u00e1n b\u1ed9 l\u00e3nh \u0111\u1ea1o, chuy\u00ean vi\u00ean tr\u1ebb n\u0103ng \u0111\u1ed9ng c\u00f3 kinh nghi\u1ec7m qu\u1ea3n l\u00fd l\u00e2u n\u0103m, c\u00f3 \u0111\u1ee7 t\u00e2m v\u00e0 t\u1ea7m v\u1edbi nh\u1eefng ch\u00ednh s\u00e1ch \u0111\u1ea7u t\u01b0 ph\u00e1t tri\u1ec3n linh ho\u1ea1t v\u00e0 c\u00f3 chi\u1ec1u s\u00e2u v\u00e0 ho\u00e0n to\u00e0n l\u00e0nh m\u1ea1nh v\u1ec1 t\u00e0i ch\u00ednh<\/p>\n<p style=\"font-size: 15px; font-style: normal; font-weight: 400;\">V\u1edbi nh\u1eefng l\u1ee3i th\u1ebf ri\u00eang c\u1ee7a C\u00f4ng ty, Ban L\u00e3nh \u0111\u1ea1o \u0111\u00e3 ch\u1ee7 \u0111\u1ed9ng ti\u1ebfn h\u00e0nh m\u1edf r\u1ed9ng th\u00eam c\u00e1c d\u1ecbch v\u1ee5 m\u1edbi t\u1ea1o s\u1ef1 \u0111a d\u1ea1ng trong ho\u1ea1t \u0111\u1ed9ng c\u1ee7a c\u00f4ng ty v\u00e0 chia s\u1ebb r\u1ee7i ro.<\/p>\n<p style=\"font-size: 15px; font-style: normal; font-weight: 400;\">Hy v\u1ecdng r\u1eb1ng v\u1edbi nh\u1eefng \u0111\u1ecbnh h\u01b0\u1edbng ph\u00e1t tri\u1ec3n v\u00e0 s\u00e1ch l\u01b0\u1ee3c \u0111\u00fang \u0111\u1eafn nh\u01b0 v\u1eady, c\u0169ng nh\u01b0 s\u1ef1 h\u1ed7 tr\u1ee3 c\u1ee7a th\u00e0nh vi\u00ean v\u00e0 t\u1eadp th\u1ec3 ng\u01b0\u1eddi lao \u0111\u1ed9ng, C\u00f4ng ty c\u1ed5 ph\u1ea7n Xu\u00e2t nh\u00e2p kh\u00e2u C\u00e1t Long s\u1ebd ph\u00e1t tri\u1ec3n m\u1ea1nh m\u1ebd h\u01a1n trong t\u01b0\u01a1ng lai g\u1ea7n.<\/p>\t\t\t\t\t\t<\/div>\n\t\t\t\t<\/div>\n\t\t\t\t\t<\/div>\n\t\t<\/div>\n\t\t\t\t\t\t\t<\/div>\n\t\t<\/section>\n\t\t\t\t\t\t<\/div>\n\t\t\t\t\t<\/div>\n\t\t","protected":false},"excerpt":{"rendered":"<p>Ng\u00e0nh ngh\u1ec1 kinh doanh ch\u1ee7 y\u1ebfu c\u1ee7a doanh nghi\u1ec7p l\u00e0:&#8211; Ph\u00e2n b\u00f3n h\u00f3a ch\u1ea5t v\u00e0 B\u1ea5t \u0111\u1ed9ng s\u1ea3n.&#8211; Xu\u1ea5t nh\u1eadp kh\u1ea9u c\u00e1c m\u1eb7t h\u00e0ng n\u00f4ng s\u1ea3n nh\u01b0 \u0111\u1ea1m, ph\u00e2n b\u00f3n, Ng\u00f4, L\u1ea1c, \u0111\u1ed7 xanh, \u0111\u1ed7 t\u01b0\u01a1ng, \u1edbt&#8230;.&#8211; D\u1ef1 \u00e1n b\u1ea5t \u0111\u1ed9ng s\u1ea3n t\u1ea1i H\u1ea3i Ph\u00f2ng v\u00e0 c\u00e1c t\u1ec9nh l\u00e2n c\u1eadn. \u00a0 Nh\u1eefng th\u00e0nh t\u1ef1u ph\u00e1t &hellip;<\/p>\n<p class=\"read-more\"> <a class=\"\" href=\"https:\/\/catlong.vn\/?page_id=15091\"> <span class=\"screen-reader-text\">Gi\u1edbi thi\u1ec7u<\/span> Read More &raquo;<\/a><\/p>\n","protected":false},"author":1,"featured_media":0,"parent":0,"menu_order":0,"comment_status":"closed","ping_status":"open","template":"","meta":{"site-sidebar-layout":"no-sidebar","site-content-layout":"page-builder","ast-global-header-display":"","ast-main-header-display":"","ast-hfb-above-header-display":"","ast-hfb-below-header-display":"","ast-hfb-mobile-header-display":"","site-post-title":"disabled","ast-breadcrumbs-content":"","ast-featured-img":"disabled","footer-sml-layout":"","theme-transparent-header-meta":"default","adv-header-id-meta":"","stick-header-meta":"","header-above-stick-meta":"","header-main-stick-meta":"","header-below-stick-meta":"","footnotes":""},"class_list":["post-15091","page","type-page","status-publish","hentry"],"_links":{"self":[{"href":"https:\/\/catlong.vn\/index.php?rest_route=\/wp\/v2\/pages\/15091","targetHints":{"allow":["GET"]}}],"collection":[{"href":"https:\/\/catlong.vn\/index.php?rest_route=\/wp\/v2\/pages"}],"about":[{"href":"https:\/\/catlong.vn\/index.php?rest_route=\/wp\/v2\/types\/page"}],"author":[{"embeddable":true,"href":"https:\/\/catlong.vn\/index.php?rest_route=\/wp\/v2\/users\/1"}],"replies":[{"embeddable":true,"href":"https:\/\/catlong.vn\/index.php?rest_route=%2Fwp%2Fv2%2Fcomments&post=15091"}],"version-history":[{"count":17,"href":"https:\/\/catlong.vn\/index.php?rest_route=\/wp\/v2\/pages\/15091\/revisions"}],"predecessor-version":[{"id":15646,"href":"https:\/\/catlong.vn\/index.php?rest_route=\/wp\/v2\/pages\/15091\/revisions\/15646"}],"wp:attachment":[{"href":"https:\/\/catlong.vn\/index.php?rest_route=%2Fwp%2Fv2%2Fmedia&parent=15091"}],"curies":[{"name":"wp","href":"https:\/\/api.w.org\/{rel}","templated":true}]}}