{"id":13134,"date":"2014-03-18T08:39:59","date_gmt":"2014-03-18T08:39:59","guid":{"rendered":"http:\/\/demo.qodeinteractive.com\/bridge\/?page_id=13134"},"modified":"2026-03-04T09:17:08","modified_gmt":"2026-03-04T02:17:08","slug":"home-2","status":"publish","type":"page","link":"https:\/\/catlong.vn\/","title":{"rendered":"Trang ch\u1ee7"},"content":{"rendered":"\t\t<div data-elementor-type=\"wp-page\" data-elementor-id=\"13134\" class=\"elementor elementor-13134\" data-elementor-settings=\"[]\">\n\t\t\t\t\t\t\t<div class=\"elementor-section-wrap\">\n\t\t\t\t\t\t\t<section class=\"elementor-section elementor-top-section elementor-element elementor-element-8ba8279 elementor-section-full_width elementor-section-stretched elementor-section-height-default elementor-section-height-default\" data-id=\"8ba8279\" data-element_type=\"section\" data-settings=\"{&quot;stretch_section&quot;:&quot;section-stretched&quot;}\">\n\t\t\t\t\t\t<div class=\"elementor-container elementor-column-gap-default\">\n\t\t\t\t\t<div class=\"elementor-column elementor-col-100 elementor-top-column elementor-element elementor-element-6fecf73\" data-id=\"6fecf73\" data-element_type=\"column\">\n\t\t\t<div class=\"elementor-widget-wrap elementor-element-populated\">\n\t\t\t\t\t\t\t\t<div class=\"elementor-element elementor-element-6adf272d elementor-widget elementor-widget-text-editor\" data-id=\"6adf272d\" data-element_type=\"widget\" data-widget_type=\"text-editor.default\">\n\t\t\t\t<div class=\"elementor-widget-container\">\n\t\t\t\t\t\t\t<p style=\"text-align: center;\"><script type=\"text\/javascript\">var lsjQuery = jQuery;lsjQuery(document).ready(function() {\r\nif(typeof lsjQuery.fn.layerSlider == \"undefined\") {\r\nif( window._layerSlider && window._layerSlider.showNotice) { \r\nwindow._layerSlider.showNotice('layerslider_22','jquery');\r\n}\r\n} else {\r\nlsjQuery(\"#layerslider_22\").layerSlider({sliderVersion: '6.8.4', responsiveUnder: 1920, slideBGSize: 'auto', skin: 'noskin', showCircleTimer: false, skinsPath: 'https:\/\/catlong.vn\/wp-content\/plugins\/LayerSlider\/static\/layerslider\/skins\/'});\r\n}\r\n});\r\n<\/script><div id=\"layerslider_22\" class=\"ls-wp-container fitvidsignore\" style=\"width:1920px;height:775px;margin:0 auto;margin-bottom: 0px;\"><div class=\"ls-slide\" data-ls=\"bgsize:cover;bgposition:50% 0%;transition2d:1;timeshift:20;kenburnsscale:1.2;\"><img loading=\"lazy\" decoding=\"async\" width=\"2528\" height=\"1696\" src=\"https:\/\/catlong.vn\/wp-content\/uploads\/2026\/03\/b5a-1.png\" class=\"ls-bg\" alt=\"\" srcset=\"https:\/\/catlong.vn\/wp-content\/uploads\/2026\/03\/b5a-1.png 2528w, https:\/\/catlong.vn\/wp-content\/uploads\/2026\/03\/b5a-1-300x201.png 300w, https:\/\/catlong.vn\/wp-content\/uploads\/2026\/03\/b5a-1-1024x687.png 1024w, https:\/\/catlong.vn\/wp-content\/uploads\/2026\/03\/b5a-1-768x515.png 768w, https:\/\/catlong.vn\/wp-content\/uploads\/2026\/03\/b5a-1-1536x1030.png 1536w, https:\/\/catlong.vn\/wp-content\/uploads\/2026\/03\/b5a-1-2048x1374.png 2048w, https:\/\/catlong.vn\/wp-content\/uploads\/2026\/03\/b5a-1-120x80.png 120w\" sizes=\"auto, (max-width: 2528px) 100vw, 2528px\" \/><p style=\"top:10px;left:10px;font-size:18px;\" class=\"ls-l\"><\/p><p style=\"top:10px;left:10px;font-size:18px;\" class=\"ls-l\"><\/p><\/div><div class=\"ls-slide\" data-ls=\"bgsize:cover;bgposition:50% 0%;transition2d:5;timeshift:50;overflow:true;kenburnsscale:1.2;\"><img loading=\"lazy\" decoding=\"async\" width=\"2528\" height=\"1696\" src=\"https:\/\/catlong.vn\/wp-content\/uploads\/2026\/03\/b3a.png\" class=\"ls-bg\" alt=\"\" srcset=\"https:\/\/catlong.vn\/wp-content\/uploads\/2026\/03\/b3a.png 2528w, https:\/\/catlong.vn\/wp-content\/uploads\/2026\/03\/b3a-300x201.png 300w, https:\/\/catlong.vn\/wp-content\/uploads\/2026\/03\/b3a-1024x687.png 1024w, https:\/\/catlong.vn\/wp-content\/uploads\/2026\/03\/b3a-768x515.png 768w, https:\/\/catlong.vn\/wp-content\/uploads\/2026\/03\/b3a-1536x1030.png 1536w, https:\/\/catlong.vn\/wp-content\/uploads\/2026\/03\/b3a-2048x1374.png 2048w, https:\/\/catlong.vn\/wp-content\/uploads\/2026\/03\/b3a-120x80.png 120w\" sizes=\"auto, (max-width: 2528px) 100vw, 2528px\" \/><img loading=\"lazy\" decoding=\"async\" width=\"2528\" height=\"1696\" src=\"https:\/\/catlong.vn\/wp-content\/uploads\/2026\/03\/b3a.png\" class=\"ls-tn\" alt=\"\" srcset=\"https:\/\/catlong.vn\/wp-content\/uploads\/2026\/03\/b3a.png 2528w, https:\/\/catlong.vn\/wp-content\/uploads\/2026\/03\/b3a-300x201.png 300w, https:\/\/catlong.vn\/wp-content\/uploads\/2026\/03\/b3a-1024x687.png 1024w, https:\/\/catlong.vn\/wp-content\/uploads\/2026\/03\/b3a-768x515.png 768w, https:\/\/catlong.vn\/wp-content\/uploads\/2026\/03\/b3a-1536x1030.png 1536w, https:\/\/catlong.vn\/wp-content\/uploads\/2026\/03\/b3a-2048x1374.png 2048w, https:\/\/catlong.vn\/wp-content\/uploads\/2026\/03\/b3a-120x80.png 120w\" sizes=\"auto, (max-width: 2528px) 100vw, 2528px\" \/><\/div><div class=\"ls-slide\" data-ls=\"duration:4000;transition2d:5;overflow:true;kenburnsscale:1.2;\"><img loading=\"lazy\" decoding=\"async\" width=\"2070\" height=\"1380\" src=\"https:\/\/catlong.vn\/wp-content\/uploads\/2026\/03\/photo-1486406146926-c627a92ad1ab.jpg\" class=\"ls-bg\" alt=\"\" srcset=\"https:\/\/catlong.vn\/wp-content\/uploads\/2026\/03\/photo-1486406146926-c627a92ad1ab.jpg 2070w, https:\/\/catlong.vn\/wp-content\/uploads\/2026\/03\/photo-1486406146926-c627a92ad1ab-300x200.jpg 300w, https:\/\/catlong.vn\/wp-content\/uploads\/2026\/03\/photo-1486406146926-c627a92ad1ab-1024x683.jpg 1024w, https:\/\/catlong.vn\/wp-content\/uploads\/2026\/03\/photo-1486406146926-c627a92ad1ab-768x512.jpg 768w, https:\/\/catlong.vn\/wp-content\/uploads\/2026\/03\/photo-1486406146926-c627a92ad1ab-1536x1024.jpg 1536w, https:\/\/catlong.vn\/wp-content\/uploads\/2026\/03\/photo-1486406146926-c627a92ad1ab-2048x1365.jpg 2048w, https:\/\/catlong.vn\/wp-content\/uploads\/2026\/03\/photo-1486406146926-c627a92ad1ab-120x80.jpg 120w\" sizes=\"auto, (max-width: 2070px) 100vw, 2070px\" \/><h2 style=\"text-transform:uppercase;top:354px;left:50%;font-size:35px;color:#ffffff;\" class=\"ls-l\">\u0110\u1ed1i t\u00e1c Tin c\u1eady &#8211; Ph\u00e1t tri\u1ec3n B\u1ec1n v\u1eefng<\/h2><h1 style=\"top:424px;left:414px;font-size:26px;color:#ffffff;\" class=\"ls-l\">Ti\u00ean phong trong l\u0129nh v\u1ef1c Xu\u1ea5t nh\u1eadp kh\u1ea9u Ph\u00e2n b\u00f3n, H\u00f3a ch\u1ea5t, Th\u1ea1ch cao t\u1ea1i Vi\u1ec7t Nam.<\/h1><\/div><\/div><\/p>\t\t\t\t\t\t<\/div>\n\t\t\t\t<\/div>\n\t\t\t\t\t<\/div>\n\t\t<\/div>\n\t\t\t\t\t\t\t<\/div>\n\t\t<\/section>\n\t\t\t\t<section class=\"elementor-section elementor-top-section elementor-element elementor-element-c597d05 elementor-section-boxed elementor-section-height-default elementor-section-height-default\" data-id=\"c597d05\" data-element_type=\"section\" data-settings=\"{&quot;background_background&quot;:&quot;classic&quot;}\">\n\t\t\t\t\t\t<div class=\"elementor-container elementor-column-gap-default\">\n\t\t\t\t\t<div class=\"elementor-column elementor-col-100 elementor-top-column elementor-element elementor-element-9d0b766\" data-id=\"9d0b766\" data-element_type=\"column\">\n\t\t\t<div class=\"elementor-widget-wrap elementor-element-populated\">\n\t\t\t\t\t\t\t\t<div class=\"elementor-element elementor-element-cf9c6b8 elementor-widget elementor-widget-heading\" data-id=\"cf9c6b8\" data-element_type=\"widget\" data-widget_type=\"heading.default\">\n\t\t\t\t<div class=\"elementor-widget-container\">\n\t\t\t<h3 class=\"elementor-heading-title elementor-size-default\">L\u0128NH V\u1ef0C HO\u1ea0T \u0110\u1ed8NG<\/h3>\t\t<\/div>\n\t\t\t\t<\/div>\n\t\t\t\t\t<\/div>\n\t\t<\/div>\n\t\t\t\t\t\t\t<\/div>\n\t\t<\/section>\n\t\t\t\t<section class=\"elementor-section elementor-top-section elementor-element elementor-element-5e866e2 elementor-section-boxed elementor-section-height-default elementor-section-height-default\" data-id=\"5e866e2\" data-element_type=\"section\">\n\t\t\t\t\t\t<div class=\"elementor-container elementor-column-gap-default\">\n\t\t\t\t\t<div class=\"elementor-column elementor-col-25 elementor-top-column elementor-element elementor-element-5baf824\" data-id=\"5baf824\" data-element_type=\"column\">\n\t\t\t<div class=\"elementor-widget-wrap elementor-element-populated\">\n\t\t\t\t\t\t\t\t<div class=\"elementor-element elementor-element-59b396a elementor-invisible elementor-widget elementor-widget-image\" data-id=\"59b396a\" data-element_type=\"widget\" data-settings=\"{&quot;_animation&quot;:&quot;bounceIn&quot;}\" data-widget_type=\"image.default\">\n\t\t\t\t<div class=\"elementor-widget-container\">\n\t\t\t\t\t\t\t\t\t\t\t\t\t\t\t\t<a href=\"?page_id=41737\">\n\t\t\t\t\t\t\t<img loading=\"lazy\" decoding=\"async\" width=\"600\" height=\"375\" src=\"https:\/\/catlong.vn\/wp-content\/uploads\/2026\/03\/bonphanchocay.jpg\" class=\"attachment-large size-large\" alt=\"\" srcset=\"https:\/\/catlong.vn\/wp-content\/uploads\/2026\/03\/bonphanchocay.jpg 600w, https:\/\/catlong.vn\/wp-content\/uploads\/2026\/03\/bonphanchocay-300x188.jpg 300w\" sizes=\"auto, (max-width: 600px) 100vw, 600px\" \/>\t\t\t\t\t\t\t\t<\/a>\n\t\t\t\t\t\t\t\t\t\t\t\t\t\t\t<\/div>\n\t\t\t\t<\/div>\n\t\t\t\t<div class=\"elementor-element elementor-element-128af55 elementor-widget elementor-widget-heading\" data-id=\"128af55\" data-element_type=\"widget\" data-widget_type=\"heading.default\">\n\t\t\t\t<div class=\"elementor-widget-container\">\n\t\t\t<h2 class=\"elementor-heading-title elementor-size-default\"><a href=\"?page_id=41737\">Ph\u00e2n B\u00f3n<\/a><\/h2>\t\t<\/div>\n\t\t\t\t<\/div>\n\t\t\t\t<div class=\"elementor-element elementor-element-47ca8df elementor-widget elementor-widget-text-editor\" data-id=\"47ca8df\" data-element_type=\"widget\" data-widget_type=\"text-editor.default\">\n\t\t\t\t<div class=\"elementor-widget-container\">\n\t\t\t\t\t\t\t<p>Cung c\u1ea5p NPK, ph\u00e2n b\u00f3n nh\u1eadp kh\u1ea9u ch\u1ea5t l\u01b0\u1ee3ng cao, t\u1ed1i \u01b0u n\u0103ng su\u1ea5t c\u00e2y tr\u1ed3ng.<\/p>\t\t\t\t\t\t<\/div>\n\t\t\t\t<\/div>\n\t\t\t\t\t<\/div>\n\t\t<\/div>\n\t\t\t\t<div class=\"elementor-column elementor-col-25 elementor-top-column elementor-element elementor-element-3c95057\" data-id=\"3c95057\" data-element_type=\"column\">\n\t\t\t<div class=\"elementor-widget-wrap elementor-element-populated\">\n\t\t\t\t\t\t\t\t<div class=\"elementor-element elementor-element-fd9c0b8 elementor-invisible elementor-widget elementor-widget-image\" data-id=\"fd9c0b8\" data-element_type=\"widget\" data-settings=\"{&quot;_animation&quot;:&quot;bounceIn&quot;}\" data-widget_type=\"image.default\">\n\t\t\t\t<div class=\"elementor-widget-container\">\n\t\t\t\t\t\t\t\t\t\t\t\t\t\t\t\t<a href=\"?cat=125\">\n\t\t\t\t\t\t\t<img loading=\"lazy\" decoding=\"async\" width=\"300\" height=\"188\" src=\"https:\/\/catlong.vn\/wp-content\/uploads\/2026\/03\/hoa-chat-1.jpg\" class=\"attachment-full size-full\" alt=\"\" \/>\t\t\t\t\t\t\t\t<\/a>\n\t\t\t\t\t\t\t\t\t\t\t\t\t\t\t<\/div>\n\t\t\t\t<\/div>\n\t\t\t\t<div class=\"elementor-element elementor-element-3861926 elementor-widget elementor-widget-heading\" data-id=\"3861926\" data-element_type=\"widget\" data-widget_type=\"heading.default\">\n\t\t\t\t<div class=\"elementor-widget-container\">\n\t\t\t<h2 class=\"elementor-heading-title elementor-size-default\"><a href=\"?cat=125\">H\u00f3a Ch\u1ea5t<\/a><\/h2>\t\t<\/div>\n\t\t\t\t<\/div>\n\t\t\t\t<div class=\"elementor-element elementor-element-a82ceb7 elementor-widget elementor-widget-text-editor\" data-id=\"a82ceb7\" data-element_type=\"widget\" data-widget_type=\"text-editor.default\">\n\t\t\t\t<div class=\"elementor-widget-container\">\n\t\t\t\t\t\t\t<p>H\u00f3a ch\u1ea5t c\u01a1 b\u1ea3n v\u00e0 ph\u1ee5 gia chuy\u00ean d\u1ee5ng ph\u1ee5c v\u1ee5 s\u1ea3n xu\u1ea5t c\u00f4ng nghi\u1ec7p hi\u1ec7n \u0111\u1ea1i.<\/p>\t\t\t\t\t\t<\/div>\n\t\t\t\t<\/div>\n\t\t\t\t\t<\/div>\n\t\t<\/div>\n\t\t\t\t<div class=\"elementor-column elementor-col-25 elementor-top-column elementor-element elementor-element-fc177c4\" data-id=\"fc177c4\" data-element_type=\"column\">\n\t\t\t<div class=\"elementor-widget-wrap elementor-element-populated\">\n\t\t\t\t\t\t\t\t<div class=\"elementor-element elementor-element-5f8d451 elementor-invisible elementor-widget elementor-widget-image\" data-id=\"5f8d451\" data-element_type=\"widget\" data-settings=\"{&quot;_animation&quot;:&quot;bounceIn&quot;}\" data-widget_type=\"image.default\">\n\t\t\t\t<div class=\"elementor-widget-container\">\n\t\t\t\t\t\t\t\t\t\t\t\t\t\t\t\t<a href=\"?page_id=41748\">\n\t\t\t\t\t\t\t<img loading=\"lazy\" decoding=\"async\" width=\"300\" height=\"188\" src=\"https:\/\/catlong.vn\/wp-content\/uploads\/2026\/03\/thach-cao-1.png\" class=\"attachment-large size-large\" alt=\"\" \/>\t\t\t\t\t\t\t\t<\/a>\n\t\t\t\t\t\t\t\t\t\t\t\t\t\t\t<\/div>\n\t\t\t\t<\/div>\n\t\t\t\t<div class=\"elementor-element elementor-element-28012c7 elementor-widget elementor-widget-heading\" data-id=\"28012c7\" data-element_type=\"widget\" data-widget_type=\"heading.default\">\n\t\t\t\t<div class=\"elementor-widget-container\">\n\t\t\t<h2 class=\"elementor-heading-title elementor-size-default\"><a href=\"?page_id=41748\">Th\u1ea1ch Cao<\/a><\/h2>\t\t<\/div>\n\t\t\t\t<\/div>\n\t\t\t\t<div class=\"elementor-element elementor-element-10acc84 elementor-widget elementor-widget-text-editor\" data-id=\"10acc84\" data-element_type=\"widget\" data-widget_type=\"text-editor.default\">\n\t\t\t\t<div class=\"elementor-widget-container\">\n\t\t\t\t\t\t\t<p>Nguy\u00ean li\u1ec7u th\u1ea1ch cao t\u1ef1 nhi\u00ean v\u00e0 nh\u00e2n t\u1ea1o cho xi m\u0103ng v\u00e0 v\u1eadt li\u1ec7u x\u00e2y d\u1ef1ng.<\/p>\t\t\t\t\t\t<\/div>\n\t\t\t\t<\/div>\n\t\t\t\t\t<\/div>\n\t\t<\/div>\n\t\t\t\t<div class=\"elementor-column elementor-col-25 elementor-top-column elementor-element elementor-element-0939680\" data-id=\"0939680\" data-element_type=\"column\">\n\t\t\t<div class=\"elementor-widget-wrap elementor-element-populated\">\n\t\t\t\t\t\t\t\t<div class=\"elementor-element elementor-element-f3cace4 elementor-invisible elementor-widget elementor-widget-image\" data-id=\"f3cace4\" data-element_type=\"widget\" data-settings=\"{&quot;_animation&quot;:&quot;bounceIn&quot;}\" data-widget_type=\"image.default\">\n\t\t\t\t<div class=\"elementor-widget-container\">\n\t\t\t\t\t\t\t\t\t\t\t\t\t\t\t\t<a href=\"?cat=121\">\n\t\t\t\t\t\t\t<img loading=\"lazy\" decoding=\"async\" width=\"300\" height=\"188\" src=\"https:\/\/catlong.vn\/wp-content\/uploads\/2026\/03\/f6164824-48ef-4a28-a509-c7040975cde4.jpg\" class=\"attachment-large size-large\" alt=\"\" \/>\t\t\t\t\t\t\t\t<\/a>\n\t\t\t\t\t\t\t\t\t\t\t\t\t\t\t<\/div>\n\t\t\t\t<\/div>\n\t\t\t\t<div class=\"elementor-element elementor-element-434ec78 elementor-widget elementor-widget-heading\" data-id=\"434ec78\" data-element_type=\"widget\" data-widget_type=\"heading.default\">\n\t\t\t\t<div class=\"elementor-widget-container\">\n\t\t\t<h2 class=\"elementor-heading-title elementor-size-default\"><a href=\"?cat=121\">B\u1ea5t \u0110\u1ed9ng S\u1ea3n<\/a><\/h2>\t\t<\/div>\n\t\t\t\t<\/div>\n\t\t\t\t<div class=\"elementor-element elementor-element-b3e9a94 elementor-widget elementor-widget-text-editor\" data-id=\"b3e9a94\" data-element_type=\"widget\" data-widget_type=\"text-editor.default\">\n\t\t\t\t<div class=\"elementor-widget-container\">\n\t\t\t\t\t\t\t<p>\u0110\u1ea7u t\u01b0 d\u1ef1 \u00e1n, \u0111\u1ea5u th\u1ea7u x\u00e2y d\u1ef1ng v\u00e0 ph\u00e1t tri\u1ec3n h\u1ea1 t\u1ea7ng khu c\u00f4ng nghi\u1ec7p &amp; \u0111\u00f4 th\u1ecb.<\/p>\t\t\t\t\t\t<\/div>\n\t\t\t\t<\/div>\n\t\t\t\t\t<\/div>\n\t\t<\/div>\n\t\t\t\t\t\t\t<\/div>\n\t\t<\/section>\n\t\t\t\t\t\t<\/div>\n\t\t\t\t\t<\/div>\n\t\t","protected":false},"excerpt":{"rendered":"<p>L\u0128NH V\u1ef0C HO\u1ea0T \u0110\u1ed8NG Ph\u00e2n B\u00f3n Cung c\u1ea5p NPK, ph\u00e2n b\u00f3n nh\u1eadp kh\u1ea9u ch\u1ea5t l\u01b0\u1ee3ng cao, t\u1ed1i \u01b0u n\u0103ng su\u1ea5t c\u00e2y tr\u1ed3ng. H\u00f3a Ch\u1ea5t H\u00f3a ch\u1ea5t c\u01a1 b\u1ea3n v\u00e0 ph\u1ee5 gia chuy\u00ean d\u1ee5ng ph\u1ee5c v\u1ee5 s\u1ea3n xu\u1ea5t c\u00f4ng nghi\u1ec7p hi\u1ec7n \u0111\u1ea1i. Th\u1ea1ch Cao Nguy\u00ean li\u1ec7u th\u1ea1ch cao t\u1ef1 nhi\u00ean v\u00e0 nh\u00e2n t\u1ea1o cho xi m\u0103ng &hellip;<\/p>\n<p class=\"read-more\"> <a class=\"\" href=\"https:\/\/catlong.vn\/\"> <span class=\"screen-reader-text\">Trang ch\u1ee7<\/span> Read More &raquo;<\/a><\/p>\n","protected":false},"author":1,"featured_media":0,"parent":0,"menu_order":0,"comment_status":"closed","ping_status":"closed","template":"","meta":{"site-sidebar-layout":"default","site-content-layout":"default","ast-global-header-display":"","ast-main-header-display":"","ast-hfb-above-header-display":"","ast-hfb-below-header-display":"","ast-hfb-mobile-header-display":"","site-post-title":"","ast-breadcrumbs-content":"","ast-featured-img":"","footer-sml-layout":"","theme-transparent-header-meta":"","adv-header-id-meta":"","stick-header-meta":"","header-above-stick-meta":"","header-main-stick-meta":"","header-below-stick-meta":"","footnotes":""},"class_list":["post-13134","page","type-page","status-publish","hentry"],"_links":{"self":[{"href":"https:\/\/catlong.vn\/index.php?rest_route=\/wp\/v2\/pages\/13134","targetHints":{"allow":["GET"]}}],"collection":[{"href":"https:\/\/catlong.vn\/index.php?rest_route=\/wp\/v2\/pages"}],"about":[{"href":"https:\/\/catlong.vn\/index.php?rest_route=\/wp\/v2\/types\/page"}],"author":[{"embeddable":true,"href":"https:\/\/catlong.vn\/index.php?rest_route=\/wp\/v2\/users\/1"}],"replies":[{"embeddable":true,"href":"https:\/\/catlong.vn\/index.php?rest_route=%2Fwp%2Fv2%2Fcomments&post=13134"}],"version-history":[{"count":292,"href":"https:\/\/catlong.vn\/index.php?rest_route=\/wp\/v2\/pages\/13134\/revisions"}],"predecessor-version":[{"id":41967,"href":"https:\/\/catlong.vn\/index.php?rest_route=\/wp\/v2\/pages\/13134\/revisions\/41967"}],"wp:attachment":[{"href":"https:\/\/catlong.vn\/index.php?rest_route=%2Fwp%2Fv2%2Fmedia&parent=13134"}],"curies":[{"name":"wp","href":"https:\/\/api.w.org\/{rel}","templated":true}]}}